






{"id":20528,"date":"2023-10-24T05:59:46","date_gmt":"2023-10-24T05:59:46","guid":{"rendered":"https:\/\/www.3dsoba.me\/product\/asa-filament-crna\/"},"modified":"2023-12-12T11:17:31","modified_gmt":"2023-12-12T11:17:31","slug":"asa-filament-black","status":"publish","type":"product","link":"https:\/\/www.3dsoba.me\/en\/product\/asa-filament-black\/","title":{"rendered":"ASA filament &#8211; black"},"content":{"rendered":"<p>Azurefilm ASA filament\u00a0has mechanical properties similar to those of ABS.<\/p>\n<p>Its advantage is that it is much less affected by external conditions (moisture, temperature, oxygen, UV radiation). That is why it is an ideal replacement for ABS for outdoor use, with the same strength and durability of the object!<\/p>\n<p>resistant to UV radiation<br \/>\nimpact resistant<br \/>\nwithstands high temperature<br \/>\ndesigned for professional use<\/p>\n","protected":false},"excerpt":{"rendered":"<p>Color: black<\/p>\n<p>Net quantity: 1kg<\/p>\n","protected":false},"featured_media":18923,"template":"","meta":[],"product_cat":[118],"product_tag":[],"class_list":{"0":"post-20528","1":"product","2":"type-product","3":"status-publish","4":"has-post-thumbnail","6":"product_cat-filaments","8":"first","9":"instock","10":"taxable","11":"shipping-taxable","12":"purchasable","13":"product-type-simple"},"yoast_head":"<!-- This site is optimized with the Yoast SEO plugin v23.5 - https:\/\/yoast.com\/wordpress\/plugins\/seo\/ -->\n<title>ASA filament - black - 3D Soba<\/title>\n<meta name=\"description\" content=\"ASA filament je izdr\u017eljiv i otporan na UV zra\u010denje, temperature i vla\u017enost. Idealno za spoljnu upotrebu. Dugo zadr\u017eava svojstva i boju.\" \/>\n<meta name=\"robots\" content=\"index, follow, max-snippet:-1, max-image-preview:large, max-video-preview:-1\" \/>\n<link rel=\"canonical\" href=\"https:\/\/www.3dsoba.me\/en\/product\/asa-filament-black\/\" \/>\n<meta property=\"og:locale\" content=\"en_US\" \/>\n<meta property=\"og:type\" content=\"article\" \/>\n<meta property=\"og:title\" content=\"ASA filament - black - 3D Soba\" \/>\n<meta property=\"og:description\" content=\"ASA filament je izdr\u017eljiv i otporan na UV zra\u010denje, temperature i vla\u017enost. Idealno za spoljnu upotrebu. Dugo zadr\u017eava svojstva i boju.\" \/>\n<meta property=\"og:url\" content=\"https:\/\/www.3dsoba.me\/en\/product\/asa-filament-black\/\" \/>\n<meta property=\"og:site_name\" content=\"3D Soba\" \/>\n<meta property=\"article:publisher\" content=\"https:\/\/www.facebook.com\/3Dsoba\/\" \/>\n<meta property=\"article:modified_time\" content=\"2023-12-12T11:17:31+00:00\" \/>\n<meta property=\"og:image\" content=\"https:\/\/www.3dsoba.me\/wp-content\/uploads\/2023\/10\/best_quality_3d_filaments_asa_black.jpg\" \/>\n\t<meta property=\"og:image:width\" content=\"560\" \/>\n\t<meta property=\"og:image:height\" content=\"450\" \/>\n\t<meta property=\"og:image:type\" content=\"image\/jpeg\" \/>\n<meta name=\"twitter:card\" content=\"summary_large_image\" \/>\n<meta name=\"twitter:label1\" content=\"Est. reading time\" \/>\n\t<meta name=\"twitter:data1\" content=\"1 minute\" \/>\n<script type=\"application\/ld+json\" class=\"yoast-schema-graph\">{\"@context\":\"https:\/\/schema.org\",\"@graph\":[{\"@type\":\"WebPage\",\"@id\":\"https:\/\/www.3dsoba.me\/en\/product\/asa-filament-black\/\",\"url\":\"https:\/\/www.3dsoba.me\/en\/product\/asa-filament-black\/\",\"name\":\"ASA filament - black - 3D Soba\",\"isPartOf\":{\"@id\":\"https:\/\/www.3dsoba.me\/#website\"},\"primaryImageOfPage\":{\"@id\":\"https:\/\/www.3dsoba.me\/en\/product\/asa-filament-black\/#primaryimage\"},\"image\":{\"@id\":\"https:\/\/www.3dsoba.me\/en\/product\/asa-filament-black\/#primaryimage\"},\"thumbnailUrl\":\"https:\/\/www.3dsoba.me\/wp-content\/uploads\/2023\/10\/best_quality_3d_filaments_asa_black.jpg\",\"datePublished\":\"2023-10-24T05:59:46+00:00\",\"dateModified\":\"2023-12-12T11:17:31+00:00\",\"description\":\"ASA filament je izdr\u017eljiv i otporan na UV zra\u010denje, temperature i vla\u017enost. Idealno za spoljnu upotrebu. Dugo zadr\u017eava svojstva i boju.\",\"breadcrumb\":{\"@id\":\"https:\/\/www.3dsoba.me\/en\/product\/asa-filament-black\/#breadcrumb\"},\"inLanguage\":\"en-US\",\"potentialAction\":[{\"@type\":\"ReadAction\",\"target\":[\"https:\/\/www.3dsoba.me\/en\/product\/asa-filament-black\/\"]}]},{\"@type\":\"ImageObject\",\"inLanguage\":\"en-US\",\"@id\":\"https:\/\/www.3dsoba.me\/en\/product\/asa-filament-black\/#primaryimage\",\"url\":\"https:\/\/www.3dsoba.me\/wp-content\/uploads\/2023\/10\/best_quality_3d_filaments_asa_black.jpg\",\"contentUrl\":\"https:\/\/www.3dsoba.me\/wp-content\/uploads\/2023\/10\/best_quality_3d_filaments_asa_black.jpg\",\"width\":560,\"height\":450},{\"@type\":\"BreadcrumbList\",\"@id\":\"https:\/\/www.3dsoba.me\/en\/product\/asa-filament-black\/#breadcrumb\",\"itemListElement\":[{\"@type\":\"ListItem\",\"position\":1,\"name\":\"Po\u010detna\",\"item\":\"https:\/\/www.3dsoba.me\/shop\/\"},{\"@type\":\"ListItem\",\"position\":2,\"name\":\"Shop\",\"item\":\"https:\/\/www.3dsoba.me\/shop\/\"},{\"@type\":\"ListItem\",\"position\":3,\"name\":\"ASA filament &#8211; black\"}]},{\"@type\":\"WebSite\",\"@id\":\"https:\/\/www.3dsoba.me\/#website\",\"url\":\"https:\/\/www.3dsoba.me\/\",\"name\":\"3D Soba\",\"description\":\"Usu\u017ena 3D \u0161tampa\",\"publisher\":{\"@id\":\"https:\/\/www.3dsoba.me\/#organization\"},\"potentialAction\":[{\"@type\":\"SearchAction\",\"target\":{\"@type\":\"EntryPoint\",\"urlTemplate\":\"https:\/\/www.3dsoba.me\/?s={search_term_string}\"},\"query-input\":{\"@type\":\"PropertyValueSpecification\",\"valueRequired\":true,\"valueName\":\"search_term_string\"}}],\"inLanguage\":\"en-US\"},{\"@type\":\"Organization\",\"@id\":\"https:\/\/www.3dsoba.me\/#organization\",\"name\":\"3D Soba\",\"url\":\"https:\/\/www.3dsoba.me\/\",\"logo\":{\"@type\":\"ImageObject\",\"inLanguage\":\"en-US\",\"@id\":\"https:\/\/www.3dsoba.me\/#\/schema\/logo\/image\/\",\"url\":\"https:\/\/www.3dsoba.me\/wp-content\/uploads\/2023\/10\/cropped-logo3Dsoba-qcqdvyywhcj76go2jld5zshtnv2oovamsgunfk1bxs-1.png\",\"contentUrl\":\"https:\/\/www.3dsoba.me\/wp-content\/uploads\/2023\/10\/cropped-logo3Dsoba-qcqdvyywhcj76go2jld5zshtnv2oovamsgunfk1bxs-1.png\",\"width\":512,\"height\":512,\"caption\":\"3D Soba\"},\"image\":{\"@id\":\"https:\/\/www.3dsoba.me\/#\/schema\/logo\/image\/\"},\"sameAs\":[\"https:\/\/www.facebook.com\/3Dsoba\/\",\"https:\/\/www.instagram.com\/3dsoba\/\"]}]}<\/script>\n<!-- \/ Yoast SEO plugin. -->","yoast_head_json":{"title":"ASA filament - black - 3D Soba","description":"ASA filament je izdr\u017eljiv i otporan na UV zra\u010denje, temperature i vla\u017enost. Idealno za spoljnu upotrebu. Dugo zadr\u017eava svojstva i boju.","robots":{"index":"index","follow":"follow","max-snippet":"max-snippet:-1","max-image-preview":"max-image-preview:large","max-video-preview":"max-video-preview:-1"},"canonical":"https:\/\/www.3dsoba.me\/en\/product\/asa-filament-black\/","og_locale":"en_US","og_type":"article","og_title":"ASA filament - black - 3D Soba","og_description":"ASA filament je izdr\u017eljiv i otporan na UV zra\u010denje, temperature i vla\u017enost. Idealno za spoljnu upotrebu. Dugo zadr\u017eava svojstva i boju.","og_url":"https:\/\/www.3dsoba.me\/en\/product\/asa-filament-black\/","og_site_name":"3D Soba","article_publisher":"https:\/\/www.facebook.com\/3Dsoba\/","article_modified_time":"2023-12-12T11:17:31+00:00","og_image":[{"width":560,"height":450,"url":"https:\/\/www.3dsoba.me\/wp-content\/uploads\/2023\/10\/best_quality_3d_filaments_asa_black.jpg","type":"image\/jpeg"}],"twitter_card":"summary_large_image","twitter_misc":{"Est. reading time":"1 minute"},"schema":{"@context":"https:\/\/schema.org","@graph":[{"@type":"WebPage","@id":"https:\/\/www.3dsoba.me\/en\/product\/asa-filament-black\/","url":"https:\/\/www.3dsoba.me\/en\/product\/asa-filament-black\/","name":"ASA filament - black - 3D Soba","isPartOf":{"@id":"https:\/\/www.3dsoba.me\/#website"},"primaryImageOfPage":{"@id":"https:\/\/www.3dsoba.me\/en\/product\/asa-filament-black\/#primaryimage"},"image":{"@id":"https:\/\/www.3dsoba.me\/en\/product\/asa-filament-black\/#primaryimage"},"thumbnailUrl":"https:\/\/www.3dsoba.me\/wp-content\/uploads\/2023\/10\/best_quality_3d_filaments_asa_black.jpg","datePublished":"2023-10-24T05:59:46+00:00","dateModified":"2023-12-12T11:17:31+00:00","description":"ASA filament je izdr\u017eljiv i otporan na UV zra\u010denje, temperature i vla\u017enost. Idealno za spoljnu upotrebu. Dugo zadr\u017eava svojstva i boju.","breadcrumb":{"@id":"https:\/\/www.3dsoba.me\/en\/product\/asa-filament-black\/#breadcrumb"},"inLanguage":"en-US","potentialAction":[{"@type":"ReadAction","target":["https:\/\/www.3dsoba.me\/en\/product\/asa-filament-black\/"]}]},{"@type":"ImageObject","inLanguage":"en-US","@id":"https:\/\/www.3dsoba.me\/en\/product\/asa-filament-black\/#primaryimage","url":"https:\/\/www.3dsoba.me\/wp-content\/uploads\/2023\/10\/best_quality_3d_filaments_asa_black.jpg","contentUrl":"https:\/\/www.3dsoba.me\/wp-content\/uploads\/2023\/10\/best_quality_3d_filaments_asa_black.jpg","width":560,"height":450},{"@type":"BreadcrumbList","@id":"https:\/\/www.3dsoba.me\/en\/product\/asa-filament-black\/#breadcrumb","itemListElement":[{"@type":"ListItem","position":1,"name":"Po\u010detna","item":"https:\/\/www.3dsoba.me\/shop\/"},{"@type":"ListItem","position":2,"name":"Shop","item":"https:\/\/www.3dsoba.me\/shop\/"},{"@type":"ListItem","position":3,"name":"ASA filament &#8211; black"}]},{"@type":"WebSite","@id":"https:\/\/www.3dsoba.me\/#website","url":"https:\/\/www.3dsoba.me\/","name":"3D Soba","description":"Usu\u017ena 3D \u0161tampa","publisher":{"@id":"https:\/\/www.3dsoba.me\/#organization"},"potentialAction":[{"@type":"SearchAction","target":{"@type":"EntryPoint","urlTemplate":"https:\/\/www.3dsoba.me\/?s={search_term_string}"},"query-input":{"@type":"PropertyValueSpecification","valueRequired":true,"valueName":"search_term_string"}}],"inLanguage":"en-US"},{"@type":"Organization","@id":"https:\/\/www.3dsoba.me\/#organization","name":"3D Soba","url":"https:\/\/www.3dsoba.me\/","logo":{"@type":"ImageObject","inLanguage":"en-US","@id":"https:\/\/www.3dsoba.me\/#\/schema\/logo\/image\/","url":"https:\/\/www.3dsoba.me\/wp-content\/uploads\/2023\/10\/cropped-logo3Dsoba-qcqdvyywhcj76go2jld5zshtnv2oovamsgunfk1bxs-1.png","contentUrl":"https:\/\/www.3dsoba.me\/wp-content\/uploads\/2023\/10\/cropped-logo3Dsoba-qcqdvyywhcj76go2jld5zshtnv2oovamsgunfk1bxs-1.png","width":512,"height":512,"caption":"3D Soba"},"image":{"@id":"https:\/\/www.3dsoba.me\/#\/schema\/logo\/image\/"},"sameAs":["https:\/\/www.facebook.com\/3Dsoba\/","https:\/\/www.instagram.com\/3dsoba\/"]}]}},"_links":{"self":[{"href":"https:\/\/www.3dsoba.me\/en\/wp-json\/wp\/v2\/product\/20528","targetHints":{"allow":["GET"]}}],"collection":[{"href":"https:\/\/www.3dsoba.me\/en\/wp-json\/wp\/v2\/product"}],"about":[{"href":"https:\/\/www.3dsoba.me\/en\/wp-json\/wp\/v2\/types\/product"}],"wp:featuredmedia":[{"embeddable":true,"href":"https:\/\/www.3dsoba.me\/en\/wp-json\/wp\/v2\/media\/18923"}],"wp:attachment":[{"href":"https:\/\/www.3dsoba.me\/en\/wp-json\/wp\/v2\/media?parent=20528"}],"wp:term":[{"taxonomy":"product_cat","embeddable":true,"href":"https:\/\/www.3dsoba.me\/en\/wp-json\/wp\/v2\/product_cat?post=20528"},{"taxonomy":"product_tag","embeddable":true,"href":"https:\/\/www.3dsoba.me\/en\/wp-json\/wp\/v2\/product_tag?post=20528"}],"curies":[{"name":"wp","href":"https:\/\/api.w.org\/{rel}","templated":true}]}}