






{"id":20697,"date":"2023-10-24T05:55:34","date_gmt":"2023-10-24T05:55:34","guid":{"rendered":"https:\/\/www.3dsoba.me\/product\/pla-filament-crvena\/"},"modified":"2025-10-29T10:18:52","modified_gmt":"2025-10-29T10:18:52","slug":"pla-filament-crvena","status":"publish","type":"product","link":"https:\/\/www.3dsoba.me\/en\/product\/pla-filament-crvena\/","title":{"rendered":"PLA filament &#8211; crvena"},"content":{"rendered":"<p>PLA, ili polilakti\u010dna kiselina, je biorazgradiva plastika napravljena od biomaterijala. Povr\u0161ina je glatka na dodir i blago sjajna. Pravi je izbor za sve vrste i veli\u010dine \u0161tampa\u010da. Zbog svoje male viskoznosti u rastopljenom stanju, omoguc\u0301ava precizno talo\u017eenje materijala, \u0161to rezultira proizvodima sa izra\u017eenijim detaljima. Ima manje skupljanja tokom hla\u0111enja, \u0161to zna\u010di da nam ne treba zagrijana osnova.<\/p>\n<p>Tokom \u0161tampanja ne ispu\u0161ta mikroskopske \u010destice, pa ne nadra\u017euje disajne puteve va\u0161e djece i kuc\u0301nih ljubimaca.<\/p>\n","protected":false},"excerpt":{"rendered":"<p>Boja: crvena<\/p>\n<p>Temperatura mlaznice: 195 \u00b0C -225 \u00b0C<br \/>\nTemperatura podloge: 20 \u00b0C \u2013 60 \u00b0C<br \/>\nSnaga ventilatora: 20 \u2013 50%<br \/>\nRadna temperatura: 0 \u00b0C \u2013 60 \u00b0C<br \/>\nBrzina \u0161tampe: 40 \u2013 120 mm \/ s<br \/>\nNeto koli\u010dina: 1 kg<\/p>\n","protected":false},"featured_media":22281,"template":"","meta":[],"product_cat":[118],"product_tag":[],"class_list":{"0":"post-20697","1":"product","2":"type-product","3":"status-publish","4":"has-post-thumbnail","6":"product_cat-filaments","8":"first","9":"instock","10":"taxable","11":"shipping-taxable","12":"purchasable","13":"product-type-simple"},"yoast_head":"<!-- This site is optimized with the Yoast SEO plugin v23.5 - https:\/\/yoast.com\/wordpress\/plugins\/seo\/ -->\n<title>PLA filament - crvena - 3D Soba<\/title>\n<meta name=\"robots\" content=\"index, follow, max-snippet:-1, max-image-preview:large, max-video-preview:-1\" \/>\n<link rel=\"canonical\" href=\"https:\/\/www.3dsoba.me\/en\/product\/pla-filament-crvena\/\" \/>\n<meta property=\"og:locale\" content=\"en_US\" \/>\n<meta property=\"og:type\" content=\"article\" \/>\n<meta property=\"og:title\" content=\"PLA filament - crvena - 3D Soba\" \/>\n<meta property=\"og:description\" content=\"Boja: crvena  Temperatura mlaznice: 195 \u00b0C -225 \u00b0C Temperatura podloge: 20 \u00b0C \u2013 60 \u00b0C Snaga ventilatora: 20 \u2013 50% Radna temperatura: 0 \u00b0C \u2013 60 \u00b0C Brzina \u0161tampe: 40 \u2013 120 mm \/ s Neto koli\u010dina: 1 kg\" \/>\n<meta property=\"og:url\" content=\"https:\/\/www.3dsoba.me\/en\/product\/pla-filament-crvena\/\" \/>\n<meta property=\"og:site_name\" content=\"3D Soba\" \/>\n<meta property=\"article:publisher\" content=\"https:\/\/www.facebook.com\/3Dsoba\/\" \/>\n<meta property=\"article:modified_time\" content=\"2025-10-29T10:18:52+00:00\" \/>\n<meta property=\"og:image\" content=\"https:\/\/www.3dsoba.me\/wp-content\/uploads\/2023\/10\/PLA-red.webp\" \/>\n\t<meta property=\"og:image:width\" content=\"1024\" \/>\n\t<meta property=\"og:image:height\" content=\"1024\" \/>\n\t<meta property=\"og:image:type\" content=\"image\/webp\" \/>\n<meta name=\"twitter:card\" content=\"summary_large_image\" \/>\n<script type=\"application\/ld+json\" class=\"yoast-schema-graph\">{\"@context\":\"https:\/\/schema.org\",\"@graph\":[{\"@type\":\"WebPage\",\"@id\":\"https:\/\/www.3dsoba.me\/en\/product\/pla-filament-crvena\/\",\"url\":\"https:\/\/www.3dsoba.me\/en\/product\/pla-filament-crvena\/\",\"name\":\"PLA filament - crvena - 3D Soba\",\"isPartOf\":{\"@id\":\"https:\/\/www.3dsoba.me\/#website\"},\"primaryImageOfPage\":{\"@id\":\"https:\/\/www.3dsoba.me\/en\/product\/pla-filament-crvena\/#primaryimage\"},\"image\":{\"@id\":\"https:\/\/www.3dsoba.me\/en\/product\/pla-filament-crvena\/#primaryimage\"},\"thumbnailUrl\":\"https:\/\/www.3dsoba.me\/wp-content\/uploads\/2023\/10\/PLA-red.webp\",\"datePublished\":\"2023-10-24T05:55:34+00:00\",\"dateModified\":\"2025-10-29T10:18:52+00:00\",\"breadcrumb\":{\"@id\":\"https:\/\/www.3dsoba.me\/en\/product\/pla-filament-crvena\/#breadcrumb\"},\"inLanguage\":\"en-US\",\"potentialAction\":[{\"@type\":\"ReadAction\",\"target\":[\"https:\/\/www.3dsoba.me\/en\/product\/pla-filament-crvena\/\"]}]},{\"@type\":\"ImageObject\",\"inLanguage\":\"en-US\",\"@id\":\"https:\/\/www.3dsoba.me\/en\/product\/pla-filament-crvena\/#primaryimage\",\"url\":\"https:\/\/www.3dsoba.me\/wp-content\/uploads\/2023\/10\/PLA-red.webp\",\"contentUrl\":\"https:\/\/www.3dsoba.me\/wp-content\/uploads\/2023\/10\/PLA-red.webp\",\"width\":1024,\"height\":1024},{\"@type\":\"BreadcrumbList\",\"@id\":\"https:\/\/www.3dsoba.me\/en\/product\/pla-filament-crvena\/#breadcrumb\",\"itemListElement\":[{\"@type\":\"ListItem\",\"position\":1,\"name\":\"Po\u010detna\",\"item\":\"https:\/\/www.3dsoba.me\/shop\/\"},{\"@type\":\"ListItem\",\"position\":2,\"name\":\"Shop\",\"item\":\"https:\/\/www.3dsoba.me\/shop\/\"},{\"@type\":\"ListItem\",\"position\":3,\"name\":\"PLA filament &#8211; crvena\"}]},{\"@type\":\"WebSite\",\"@id\":\"https:\/\/www.3dsoba.me\/#website\",\"url\":\"https:\/\/www.3dsoba.me\/\",\"name\":\"3D Soba\",\"description\":\"Usu\u017ena 3D \u0161tampa\",\"publisher\":{\"@id\":\"https:\/\/www.3dsoba.me\/#organization\"},\"potentialAction\":[{\"@type\":\"SearchAction\",\"target\":{\"@type\":\"EntryPoint\",\"urlTemplate\":\"https:\/\/www.3dsoba.me\/?s={search_term_string}\"},\"query-input\":{\"@type\":\"PropertyValueSpecification\",\"valueRequired\":true,\"valueName\":\"search_term_string\"}}],\"inLanguage\":\"en-US\"},{\"@type\":\"Organization\",\"@id\":\"https:\/\/www.3dsoba.me\/#organization\",\"name\":\"3D Soba\",\"url\":\"https:\/\/www.3dsoba.me\/\",\"logo\":{\"@type\":\"ImageObject\",\"inLanguage\":\"en-US\",\"@id\":\"https:\/\/www.3dsoba.me\/#\/schema\/logo\/image\/\",\"url\":\"https:\/\/www.3dsoba.me\/wp-content\/uploads\/2023\/10\/cropped-logo3Dsoba-qcqdvyywhcj76go2jld5zshtnv2oovamsgunfk1bxs-1.png\",\"contentUrl\":\"https:\/\/www.3dsoba.me\/wp-content\/uploads\/2023\/10\/cropped-logo3Dsoba-qcqdvyywhcj76go2jld5zshtnv2oovamsgunfk1bxs-1.png\",\"width\":512,\"height\":512,\"caption\":\"3D Soba\"},\"image\":{\"@id\":\"https:\/\/www.3dsoba.me\/#\/schema\/logo\/image\/\"},\"sameAs\":[\"https:\/\/www.facebook.com\/3Dsoba\/\",\"https:\/\/www.instagram.com\/3dsoba\/\"]}]}<\/script>\n<!-- \/ Yoast SEO plugin. -->","yoast_head_json":{"title":"PLA filament - crvena - 3D Soba","robots":{"index":"index","follow":"follow","max-snippet":"max-snippet:-1","max-image-preview":"max-image-preview:large","max-video-preview":"max-video-preview:-1"},"canonical":"https:\/\/www.3dsoba.me\/en\/product\/pla-filament-crvena\/","og_locale":"en_US","og_type":"article","og_title":"PLA filament - crvena - 3D Soba","og_description":"Boja: crvena  Temperatura mlaznice: 195 \u00b0C -225 \u00b0C Temperatura podloge: 20 \u00b0C \u2013 60 \u00b0C Snaga ventilatora: 20 \u2013 50% Radna temperatura: 0 \u00b0C \u2013 60 \u00b0C Brzina \u0161tampe: 40 \u2013 120 mm \/ s Neto koli\u010dina: 1 kg","og_url":"https:\/\/www.3dsoba.me\/en\/product\/pla-filament-crvena\/","og_site_name":"3D Soba","article_publisher":"https:\/\/www.facebook.com\/3Dsoba\/","article_modified_time":"2025-10-29T10:18:52+00:00","og_image":[{"width":1024,"height":1024,"url":"https:\/\/www.3dsoba.me\/wp-content\/uploads\/2023\/10\/PLA-red.webp","type":"image\/webp"}],"twitter_card":"summary_large_image","schema":{"@context":"https:\/\/schema.org","@graph":[{"@type":"WebPage","@id":"https:\/\/www.3dsoba.me\/en\/product\/pla-filament-crvena\/","url":"https:\/\/www.3dsoba.me\/en\/product\/pla-filament-crvena\/","name":"PLA filament - crvena - 3D Soba","isPartOf":{"@id":"https:\/\/www.3dsoba.me\/#website"},"primaryImageOfPage":{"@id":"https:\/\/www.3dsoba.me\/en\/product\/pla-filament-crvena\/#primaryimage"},"image":{"@id":"https:\/\/www.3dsoba.me\/en\/product\/pla-filament-crvena\/#primaryimage"},"thumbnailUrl":"https:\/\/www.3dsoba.me\/wp-content\/uploads\/2023\/10\/PLA-red.webp","datePublished":"2023-10-24T05:55:34+00:00","dateModified":"2025-10-29T10:18:52+00:00","breadcrumb":{"@id":"https:\/\/www.3dsoba.me\/en\/product\/pla-filament-crvena\/#breadcrumb"},"inLanguage":"en-US","potentialAction":[{"@type":"ReadAction","target":["https:\/\/www.3dsoba.me\/en\/product\/pla-filament-crvena\/"]}]},{"@type":"ImageObject","inLanguage":"en-US","@id":"https:\/\/www.3dsoba.me\/en\/product\/pla-filament-crvena\/#primaryimage","url":"https:\/\/www.3dsoba.me\/wp-content\/uploads\/2023\/10\/PLA-red.webp","contentUrl":"https:\/\/www.3dsoba.me\/wp-content\/uploads\/2023\/10\/PLA-red.webp","width":1024,"height":1024},{"@type":"BreadcrumbList","@id":"https:\/\/www.3dsoba.me\/en\/product\/pla-filament-crvena\/#breadcrumb","itemListElement":[{"@type":"ListItem","position":1,"name":"Po\u010detna","item":"https:\/\/www.3dsoba.me\/shop\/"},{"@type":"ListItem","position":2,"name":"Shop","item":"https:\/\/www.3dsoba.me\/shop\/"},{"@type":"ListItem","position":3,"name":"PLA filament &#8211; crvena"}]},{"@type":"WebSite","@id":"https:\/\/www.3dsoba.me\/#website","url":"https:\/\/www.3dsoba.me\/","name":"3D Soba","description":"Usu\u017ena 3D \u0161tampa","publisher":{"@id":"https:\/\/www.3dsoba.me\/#organization"},"potentialAction":[{"@type":"SearchAction","target":{"@type":"EntryPoint","urlTemplate":"https:\/\/www.3dsoba.me\/?s={search_term_string}"},"query-input":{"@type":"PropertyValueSpecification","valueRequired":true,"valueName":"search_term_string"}}],"inLanguage":"en-US"},{"@type":"Organization","@id":"https:\/\/www.3dsoba.me\/#organization","name":"3D Soba","url":"https:\/\/www.3dsoba.me\/","logo":{"@type":"ImageObject","inLanguage":"en-US","@id":"https:\/\/www.3dsoba.me\/#\/schema\/logo\/image\/","url":"https:\/\/www.3dsoba.me\/wp-content\/uploads\/2023\/10\/cropped-logo3Dsoba-qcqdvyywhcj76go2jld5zshtnv2oovamsgunfk1bxs-1.png","contentUrl":"https:\/\/www.3dsoba.me\/wp-content\/uploads\/2023\/10\/cropped-logo3Dsoba-qcqdvyywhcj76go2jld5zshtnv2oovamsgunfk1bxs-1.png","width":512,"height":512,"caption":"3D Soba"},"image":{"@id":"https:\/\/www.3dsoba.me\/#\/schema\/logo\/image\/"},"sameAs":["https:\/\/www.facebook.com\/3Dsoba\/","https:\/\/www.instagram.com\/3dsoba\/"]}]}},"_links":{"self":[{"href":"https:\/\/www.3dsoba.me\/en\/wp-json\/wp\/v2\/product\/20697","targetHints":{"allow":["GET"]}}],"collection":[{"href":"https:\/\/www.3dsoba.me\/en\/wp-json\/wp\/v2\/product"}],"about":[{"href":"https:\/\/www.3dsoba.me\/en\/wp-json\/wp\/v2\/types\/product"}],"wp:featuredmedia":[{"embeddable":true,"href":"https:\/\/www.3dsoba.me\/en\/wp-json\/wp\/v2\/media\/22281"}],"wp:attachment":[{"href":"https:\/\/www.3dsoba.me\/en\/wp-json\/wp\/v2\/media?parent=20697"}],"wp:term":[{"taxonomy":"product_cat","embeddable":true,"href":"https:\/\/www.3dsoba.me\/en\/wp-json\/wp\/v2\/product_cat?post=20697"},{"taxonomy":"product_tag","embeddable":true,"href":"https:\/\/www.3dsoba.me\/en\/wp-json\/wp\/v2\/product_tag?post=20697"}],"curies":[{"name":"wp","href":"https:\/\/api.w.org\/{rel}","templated":true}]}}