






{"id":22255,"date":"2025-10-29T09:40:40","date_gmt":"2025-10-29T09:40:40","guid":{"rendered":"https:\/\/www.3dsoba.me\/?post_type=product&#038;p=22255"},"modified":"2025-10-29T10:01:13","modified_gmt":"2025-10-29T10:01:13","slug":"pet-g-crni","status":"publish","type":"product","link":"https:\/\/www.3dsoba.me\/en\/product\/pet-g-crni\/","title":{"rendered":"PETG filament &#8211; Crni"},"content":{"rendered":"<p>Polyethylene terephthalate (PETG) je amorfna termoplastika poliestra<\/p>\n<p>Savr\u0161ena kombinacija jasno\u0107e i snage.<\/p>\n<p>Lako za \u0161tampanje sa raznim 3D \u0161tampa\u010dima.<\/p>\n<p>Vlakno je vrlo visoke \u010dvrsto\u0107e.<\/p>\n<p>Otporan na udarce-PETG je manje krt od akrila, i alternativa za ni\u017eu cijenu od polikarbonata.<\/p>\n<p>Otporan na hemikalije \u2013 nudi superiornu hemijsku otpornost u pore\u0111enju sa mnogim drugim materijalima.<\/p>\n<p>Ekolo\u0161ki jer se mo\u017ee 100% reciklirati.<\/p>\n<p>Lako se \u0161tampa na bilo kojoj podlozi.<\/p>\n","protected":false},"excerpt":{"rendered":"<p>Boja: crna<\/p>\n<p>&nbsp;<\/p>\n<p>Temperatura mlaznice: 220 \u00b0C -240 \u00b0C<\/p>\n<p>Temperatura podloge: 60 \u00b0C \u2013 80 \u00b0C<\/p>\n<p>Brzina \u0161tampe: 50 \u2013 100 mm \/ s<\/p>\n<p>Neto koli\u010dina: 1 kg<\/p>\n","protected":false},"featured_media":22258,"template":"","meta":[],"product_cat":[99],"product_tag":[],"class_list":{"0":"post-22255","1":"product","2":"type-product","3":"status-publish","4":"has-post-thumbnail","6":"product_cat-filamenti","8":"first","9":"instock","10":"taxable","11":"shipping-taxable","12":"purchasable","13":"product-type-simple"},"yoast_head":"<!-- This site is optimized with the Yoast SEO plugin v23.5 - https:\/\/yoast.com\/wordpress\/plugins\/seo\/ -->\n<title>PETG filament - Crni - 3D Soba<\/title>\n<meta name=\"robots\" content=\"index, follow, max-snippet:-1, max-image-preview:large, max-video-preview:-1\" \/>\n<link rel=\"canonical\" href=\"https:\/\/www.3dsoba.me\/product\/pet-g-crni\/\" \/>\n<meta property=\"og:locale\" content=\"en_US\" \/>\n<meta property=\"og:type\" content=\"article\" \/>\n<meta property=\"og:title\" content=\"PETG filament - Crni - 3D Soba\" \/>\n<meta property=\"og:description\" content=\"Boja: crna  &nbsp;  Temperatura mlaznice: 220 \u00b0C -240 \u00b0C  Temperatura podloge: 60 \u00b0C \u2013 80 \u00b0C  Brzina \u0161tampe: 50 \u2013 100 mm \/ s  Neto koli\u010dina: 1 kg\" \/>\n<meta property=\"og:url\" content=\"https:\/\/www.3dsoba.me\/product\/pet-g-crni\/\" \/>\n<meta property=\"og:site_name\" content=\"3D Soba\" \/>\n<meta property=\"article:publisher\" content=\"https:\/\/www.facebook.com\/3Dsoba\/\" \/>\n<meta property=\"article:modified_time\" content=\"2025-10-29T10:01:13+00:00\" \/>\n<meta property=\"og:image\" content=\"https:\/\/www.3dsoba.me\/wp-content\/uploads\/2025\/10\/black-2kg.webp\" \/>\n\t<meta property=\"og:image:width\" content=\"800\" \/>\n\t<meta property=\"og:image:height\" content=\"800\" \/>\n\t<meta property=\"og:image:type\" content=\"image\/webp\" \/>\n<meta name=\"twitter:card\" content=\"summary_large_image\" \/>\n<meta name=\"twitter:label1\" content=\"Est. reading time\" \/>\n\t<meta name=\"twitter:data1\" content=\"1 minute\" \/>\n<script type=\"application\/ld+json\" class=\"yoast-schema-graph\">{\"@context\":\"https:\/\/schema.org\",\"@graph\":[{\"@type\":\"WebPage\",\"@id\":\"https:\/\/www.3dsoba.me\/product\/pet-g-crni\/\",\"url\":\"https:\/\/www.3dsoba.me\/product\/pet-g-crni\/\",\"name\":\"PETG filament - Crni - 3D Soba\",\"isPartOf\":{\"@id\":\"https:\/\/www.3dsoba.me\/#website\"},\"primaryImageOfPage\":{\"@id\":\"https:\/\/www.3dsoba.me\/product\/pet-g-crni\/#primaryimage\"},\"image\":{\"@id\":\"https:\/\/www.3dsoba.me\/product\/pet-g-crni\/#primaryimage\"},\"thumbnailUrl\":\"https:\/\/www.3dsoba.me\/wp-content\/uploads\/2025\/10\/black-2kg.webp\",\"datePublished\":\"2025-10-29T09:40:40+00:00\",\"dateModified\":\"2025-10-29T10:01:13+00:00\",\"breadcrumb\":{\"@id\":\"https:\/\/www.3dsoba.me\/product\/pet-g-crni\/#breadcrumb\"},\"inLanguage\":\"en-US\",\"potentialAction\":[{\"@type\":\"ReadAction\",\"target\":[\"https:\/\/www.3dsoba.me\/product\/pet-g-crni\/\"]}]},{\"@type\":\"ImageObject\",\"inLanguage\":\"en-US\",\"@id\":\"https:\/\/www.3dsoba.me\/product\/pet-g-crni\/#primaryimage\",\"url\":\"https:\/\/www.3dsoba.me\/wp-content\/uploads\/2025\/10\/black-2kg.webp\",\"contentUrl\":\"https:\/\/www.3dsoba.me\/wp-content\/uploads\/2025\/10\/black-2kg.webp\",\"width\":800,\"height\":800},{\"@type\":\"BreadcrumbList\",\"@id\":\"https:\/\/www.3dsoba.me\/product\/pet-g-crni\/#breadcrumb\",\"itemListElement\":[{\"@type\":\"ListItem\",\"position\":1,\"name\":\"Po\u010detna\",\"item\":\"https:\/\/www.3dsoba.me\/shop\/\"},{\"@type\":\"ListItem\",\"position\":2,\"name\":\"Shop\",\"item\":\"https:\/\/www.3dsoba.me\/shop\/\"},{\"@type\":\"ListItem\",\"position\":3,\"name\":\"PETG filament &#8211; Crni\"}]},{\"@type\":\"WebSite\",\"@id\":\"https:\/\/www.3dsoba.me\/#website\",\"url\":\"https:\/\/www.3dsoba.me\/\",\"name\":\"3D Soba\",\"description\":\"Usu\u017ena 3D \u0161tampa\",\"publisher\":{\"@id\":\"https:\/\/www.3dsoba.me\/#organization\"},\"potentialAction\":[{\"@type\":\"SearchAction\",\"target\":{\"@type\":\"EntryPoint\",\"urlTemplate\":\"https:\/\/www.3dsoba.me\/?s={search_term_string}\"},\"query-input\":{\"@type\":\"PropertyValueSpecification\",\"valueRequired\":true,\"valueName\":\"search_term_string\"}}],\"inLanguage\":\"en-US\"},{\"@type\":\"Organization\",\"@id\":\"https:\/\/www.3dsoba.me\/#organization\",\"name\":\"3D Soba\",\"url\":\"https:\/\/www.3dsoba.me\/\",\"logo\":{\"@type\":\"ImageObject\",\"inLanguage\":\"en-US\",\"@id\":\"https:\/\/www.3dsoba.me\/#\/schema\/logo\/image\/\",\"url\":\"https:\/\/www.3dsoba.me\/wp-content\/uploads\/2023\/10\/cropped-logo3Dsoba-qcqdvyywhcj76go2jld5zshtnv2oovamsgunfk1bxs-1.png\",\"contentUrl\":\"https:\/\/www.3dsoba.me\/wp-content\/uploads\/2023\/10\/cropped-logo3Dsoba-qcqdvyywhcj76go2jld5zshtnv2oovamsgunfk1bxs-1.png\",\"width\":512,\"height\":512,\"caption\":\"3D Soba\"},\"image\":{\"@id\":\"https:\/\/www.3dsoba.me\/#\/schema\/logo\/image\/\"},\"sameAs\":[\"https:\/\/www.facebook.com\/3Dsoba\/\",\"https:\/\/www.instagram.com\/3dsoba\/\"]}]}<\/script>\n<!-- \/ Yoast SEO plugin. -->","yoast_head_json":{"title":"PETG filament - Crni - 3D Soba","robots":{"index":"index","follow":"follow","max-snippet":"max-snippet:-1","max-image-preview":"max-image-preview:large","max-video-preview":"max-video-preview:-1"},"canonical":"https:\/\/www.3dsoba.me\/product\/pet-g-crni\/","og_locale":"en_US","og_type":"article","og_title":"PETG filament - Crni - 3D Soba","og_description":"Boja: crna  &nbsp;  Temperatura mlaznice: 220 \u00b0C -240 \u00b0C  Temperatura podloge: 60 \u00b0C \u2013 80 \u00b0C  Brzina \u0161tampe: 50 \u2013 100 mm \/ s  Neto koli\u010dina: 1 kg","og_url":"https:\/\/www.3dsoba.me\/product\/pet-g-crni\/","og_site_name":"3D Soba","article_publisher":"https:\/\/www.facebook.com\/3Dsoba\/","article_modified_time":"2025-10-29T10:01:13+00:00","og_image":[{"width":800,"height":800,"url":"https:\/\/www.3dsoba.me\/wp-content\/uploads\/2025\/10\/black-2kg.webp","type":"image\/webp"}],"twitter_card":"summary_large_image","twitter_misc":{"Est. reading time":"1 minute"},"schema":{"@context":"https:\/\/schema.org","@graph":[{"@type":"WebPage","@id":"https:\/\/www.3dsoba.me\/product\/pet-g-crni\/","url":"https:\/\/www.3dsoba.me\/product\/pet-g-crni\/","name":"PETG filament - Crni - 3D Soba","isPartOf":{"@id":"https:\/\/www.3dsoba.me\/#website"},"primaryImageOfPage":{"@id":"https:\/\/www.3dsoba.me\/product\/pet-g-crni\/#primaryimage"},"image":{"@id":"https:\/\/www.3dsoba.me\/product\/pet-g-crni\/#primaryimage"},"thumbnailUrl":"https:\/\/www.3dsoba.me\/wp-content\/uploads\/2025\/10\/black-2kg.webp","datePublished":"2025-10-29T09:40:40+00:00","dateModified":"2025-10-29T10:01:13+00:00","breadcrumb":{"@id":"https:\/\/www.3dsoba.me\/product\/pet-g-crni\/#breadcrumb"},"inLanguage":"en-US","potentialAction":[{"@type":"ReadAction","target":["https:\/\/www.3dsoba.me\/product\/pet-g-crni\/"]}]},{"@type":"ImageObject","inLanguage":"en-US","@id":"https:\/\/www.3dsoba.me\/product\/pet-g-crni\/#primaryimage","url":"https:\/\/www.3dsoba.me\/wp-content\/uploads\/2025\/10\/black-2kg.webp","contentUrl":"https:\/\/www.3dsoba.me\/wp-content\/uploads\/2025\/10\/black-2kg.webp","width":800,"height":800},{"@type":"BreadcrumbList","@id":"https:\/\/www.3dsoba.me\/product\/pet-g-crni\/#breadcrumb","itemListElement":[{"@type":"ListItem","position":1,"name":"Po\u010detna","item":"https:\/\/www.3dsoba.me\/shop\/"},{"@type":"ListItem","position":2,"name":"Shop","item":"https:\/\/www.3dsoba.me\/shop\/"},{"@type":"ListItem","position":3,"name":"PETG filament &#8211; Crni"}]},{"@type":"WebSite","@id":"https:\/\/www.3dsoba.me\/#website","url":"https:\/\/www.3dsoba.me\/","name":"3D Soba","description":"Usu\u017ena 3D \u0161tampa","publisher":{"@id":"https:\/\/www.3dsoba.me\/#organization"},"potentialAction":[{"@type":"SearchAction","target":{"@type":"EntryPoint","urlTemplate":"https:\/\/www.3dsoba.me\/?s={search_term_string}"},"query-input":{"@type":"PropertyValueSpecification","valueRequired":true,"valueName":"search_term_string"}}],"inLanguage":"en-US"},{"@type":"Organization","@id":"https:\/\/www.3dsoba.me\/#organization","name":"3D Soba","url":"https:\/\/www.3dsoba.me\/","logo":{"@type":"ImageObject","inLanguage":"en-US","@id":"https:\/\/www.3dsoba.me\/#\/schema\/logo\/image\/","url":"https:\/\/www.3dsoba.me\/wp-content\/uploads\/2023\/10\/cropped-logo3Dsoba-qcqdvyywhcj76go2jld5zshtnv2oovamsgunfk1bxs-1.png","contentUrl":"https:\/\/www.3dsoba.me\/wp-content\/uploads\/2023\/10\/cropped-logo3Dsoba-qcqdvyywhcj76go2jld5zshtnv2oovamsgunfk1bxs-1.png","width":512,"height":512,"caption":"3D Soba"},"image":{"@id":"https:\/\/www.3dsoba.me\/#\/schema\/logo\/image\/"},"sameAs":["https:\/\/www.facebook.com\/3Dsoba\/","https:\/\/www.instagram.com\/3dsoba\/"]}]}},"_links":{"self":[{"href":"https:\/\/www.3dsoba.me\/en\/wp-json\/wp\/v2\/product\/22255","targetHints":{"allow":["GET"]}}],"collection":[{"href":"https:\/\/www.3dsoba.me\/en\/wp-json\/wp\/v2\/product"}],"about":[{"href":"https:\/\/www.3dsoba.me\/en\/wp-json\/wp\/v2\/types\/product"}],"wp:featuredmedia":[{"embeddable":true,"href":"https:\/\/www.3dsoba.me\/en\/wp-json\/wp\/v2\/media\/22258"}],"wp:attachment":[{"href":"https:\/\/www.3dsoba.me\/en\/wp-json\/wp\/v2\/media?parent=22255"}],"wp:term":[{"taxonomy":"product_cat","embeddable":true,"href":"https:\/\/www.3dsoba.me\/en\/wp-json\/wp\/v2\/product_cat?post=22255"},{"taxonomy":"product_tag","embeddable":true,"href":"https:\/\/www.3dsoba.me\/en\/wp-json\/wp\/v2\/product_tag?post=22255"}],"curies":[{"name":"wp","href":"https:\/\/api.w.org\/{rel}","templated":true}]}}